{"id":2614,"date":"2024-12-05T23:53:02","date_gmt":"2024-12-05T23:53:02","guid":{"rendered":"https:\/\/fundacionsprbun.enginecloud.co\/2024\/?page_id=2614"},"modified":"2025-01-16T05:23:03","modified_gmt":"2025-01-16T05:23:03","slug":"cultivarte","status":"publish","type":"page","link":"https:\/\/fundacionsprbun.org\/spb\/cultivarte\/","title":{"rendered":"CULTIVARTE"},"content":{"rendered":"\t\t<div data-elementor-type=\"wp-page\" data-elementor-id=\"2614\" class=\"elementor elementor-2614\" data-elementor-post-type=\"page\">\n\t\t\t\t<div class=\"elementor-element elementor-element-34a84b3 e-flex e-con-boxed e-con e-parent\" data-id=\"34a84b3\" data-element_type=\"container\" data-settings=\"{&quot;background_background&quot;:&quot;classic&quot;}\">\n\t\t\t\t\t<div class=\"e-con-inner\">\n\t\t\t\t<div class=\"elementor-element elementor-element-de8a7b4 elementor-widget elementor-widget-heading\" data-id=\"de8a7b4\" data-element_type=\"widget\" data-widget_type=\"heading.default\">\n\t\t\t\t<div class=\"elementor-widget-container\">\n\t\t\t\t\t<h2 class=\"elementor-heading-title elementor-size-default\">Cultivarte  <\/h2>\t\t\t\t<\/div>\n\t\t\t\t<\/div>\n\t\t\t\t\t<\/div>\n\t\t\t\t<\/div>\n\t\t<div class=\"elementor-element elementor-element-bafd4e6 e-flex e-con-boxed e-con e-parent\" data-id=\"bafd4e6\" data-element_type=\"container\">\n\t\t\t\t\t<div class=\"e-con-inner\">\n\t\t\t\t<div class=\"elementor-element elementor-element-b73854f elementor-widget elementor-widget-heading\" data-id=\"b73854f\" data-element_type=\"widget\" data-widget_type=\"heading.default\">\n\t\t\t\t<div class=\"elementor-widget-container\">\n\t\t\t\t\t<h3 class=\"elementor-heading-title elementor-size-default\">Nuestro Programa<\/h3>\t\t\t\t<\/div>\n\t\t\t\t<\/div>\n\t\t\t\t\t<\/div>\n\t\t\t\t<\/div>\n\t\t<div class=\"elementor-element elementor-element-b1f1ab1 e-flex e-con-boxed e-con e-parent\" data-id=\"b1f1ab1\" data-element_type=\"container\">\n\t\t\t\t\t<div class=\"e-con-inner\">\n\t\t<div class=\"elementor-element elementor-element-a2f15dd e-grid e-con-full e-con e-child\" data-id=\"a2f15dd\" data-element_type=\"container\">\n\t\t\t\t<div class=\"elementor-element elementor-element-f6d6aff elementor-widget elementor-widget-text-editor\" data-id=\"f6d6aff\" data-element_type=\"widget\" data-widget_type=\"text-editor.default\">\n\t\t\t\t<div class=\"elementor-widget-container\">\n\t\t\t\t\t\t\t\t\t<p class=\"text-lg\"><span style=\"color: #000000;\">Trabajamos en alianza con la Fundaci\u00f3n Bol\u00edvar Davivienda en la implementaci\u00f3n de su programa Cultivarte, que tiene como objetivo brindar a ni\u00f1os, ni\u00f1as y j\u00f3venes un espacio seguro y enriquecedor.<br \/><\/span><\/p><p class=\"text-lg\"><span style=\"color: #000000;\">A trav\u00e9s de actividades realizadas en su tiempo libre, el programa busca fomentar valores, desarrollar talentos e inspirar a los participantes a alcanzar sus sue\u00f1os.<\/span><\/p><p class=\"text-lg\"><span style=\"color: #000000;\">Adem\u00e1s, Cultivarte se convierte en un espacio integral de desarrollo cultural, art\u00edstico, educativo y recreativo.<\/span><\/p>\t\t\t\t\t\t\t\t<\/div>\n\t\t\t\t<\/div>\n\t\t\t\t<div class=\"elementor-element elementor-element-fa81df9 elementor-widget elementor-widget-image\" data-id=\"fa81df9\" data-element_type=\"widget\" data-widget_type=\"image.default\">\n\t\t\t\t<div class=\"elementor-widget-container\">\n\t\t\t\t\t\t\t\t\t\t\t\t\t\t\t<img fetchpriority=\"high\" decoding=\"async\" width=\"336\" height=\"250\" src=\"https:\/\/fundacionsprbun.org\/spb\/wp-content\/uploads\/2024\/10\/Cultivarte_005.webp\" class=\"attachment-large size-large wp-image-1940\" alt=\"\" srcset=\"https:\/\/fundacionsprbun.org\/spb\/wp-content\/uploads\/2024\/10\/Cultivarte_005.webp 336w, https:\/\/fundacionsprbun.org\/spb\/wp-content\/uploads\/2024\/10\/Cultivarte_005-300x223.webp 300w\" sizes=\"(max-width: 336px) 100vw, 336px\" \/>\t\t\t\t\t\t\t\t\t\t\t\t\t\t\t<\/div>\n\t\t\t\t<\/div>\n\t\t\t\t<\/div>\n\t\t\t\t\t<\/div>\n\t\t\t\t<\/div>\n\t\t<div class=\"elementor-element elementor-element-8d633bc e-flex e-con-boxed e-con e-parent\" data-id=\"8d633bc\" data-element_type=\"container\">\n\t\t\t\t\t<div class=\"e-con-inner\">\n\t\t\t\t<div class=\"elementor-element elementor-element-c77da57 elementor-widget elementor-widget-heading\" data-id=\"c77da57\" data-element_type=\"widget\" data-widget_type=\"heading.default\">\n\t\t\t\t<div class=\"elementor-widget-container\">\n\t\t\t\t\t<h3 class=\"elementor-heading-title elementor-size-default\">\u00c1reas de Desarrollo<\/h3>\t\t\t\t<\/div>\n\t\t\t\t<\/div>\n\t\t\t\t<div class=\"elementor-element elementor-element-e3b0ac0 elementor-widget elementor-widget-image\" data-id=\"e3b0ac0\" data-element_type=\"widget\" data-widget_type=\"image.default\">\n\t\t\t\t<div class=\"elementor-widget-container\">\n\t\t\t\t\t\t\t\t\t\t\t\t\t\t\t<img decoding=\"async\" width=\"1356\" height=\"793\" src=\"https:\/\/fundacionsprbun.org\/spb\/wp-content\/uploads\/2025\/01\/Screenshot-2025-01-16-at-06.12.22.png\" class=\"attachment-full size-full wp-image-2751\" alt=\"\" srcset=\"https:\/\/fundacionsprbun.org\/spb\/wp-content\/uploads\/2025\/01\/Screenshot-2025-01-16-at-06.12.22.png 1356w, https:\/\/fundacionsprbun.org\/spb\/wp-content\/uploads\/2025\/01\/Screenshot-2025-01-16-at-06.12.22-300x175.png 300w, https:\/\/fundacionsprbun.org\/spb\/wp-content\/uploads\/2025\/01\/Screenshot-2025-01-16-at-06.12.22-1024x599.png 1024w, https:\/\/fundacionsprbun.org\/spb\/wp-content\/uploads\/2025\/01\/Screenshot-2025-01-16-at-06.12.22-768x449.png 768w\" sizes=\"(max-width: 1356px) 100vw, 1356px\" \/>\t\t\t\t\t\t\t\t\t\t\t\t\t\t\t<\/div>\n\t\t\t\t<\/div>\n\t\t\t\t\t<\/div>\n\t\t\t\t<\/div>\n\t\t<div class=\"elementor-element elementor-element-eefab0a e-flex e-con-boxed e-con e-parent\" data-id=\"eefab0a\" data-element_type=\"container\">\n\t\t\t\t\t<div class=\"e-con-inner\">\n\t\t\t\t<div class=\"elementor-element elementor-element-fa6957f elementor-widget elementor-widget-heading\" data-id=\"fa6957f\" data-element_type=\"widget\" data-widget_type=\"heading.default\">\n\t\t\t\t<div class=\"elementor-widget-container\">\n\t\t\t\t\t<h3 class=\"elementor-heading-title elementor-size-default\">Contenidos Cultivarte<\/h3>\t\t\t\t<\/div>\n\t\t\t\t<\/div>\n\t\t\t\t<div class=\"elementor-element elementor-element-b1bcfcc elementor-widget elementor-widget-image\" data-id=\"b1bcfcc\" data-element_type=\"widget\" data-widget_type=\"image.default\">\n\t\t\t\t<div class=\"elementor-widget-container\">\n\t\t\t\t\t\t\t\t\t\t\t\t\t\t\t<img decoding=\"async\" width=\"1350\" height=\"544\" src=\"https:\/\/fundacionsprbun.org\/spb\/wp-content\/uploads\/2025\/01\/Screenshot-2025-01-16-at-06.20.57-e1737004958286.png\" class=\"attachment-full size-full wp-image-2760\" alt=\"\" srcset=\"https:\/\/fundacionsprbun.org\/spb\/wp-content\/uploads\/2025\/01\/Screenshot-2025-01-16-at-06.20.57-e1737004958286.png 1350w, https:\/\/fundacionsprbun.org\/spb\/wp-content\/uploads\/2025\/01\/Screenshot-2025-01-16-at-06.20.57-e1737004958286-300x121.png 300w, https:\/\/fundacionsprbun.org\/spb\/wp-content\/uploads\/2025\/01\/Screenshot-2025-01-16-at-06.20.57-e1737004958286-1024x413.png 1024w, https:\/\/fundacionsprbun.org\/spb\/wp-content\/uploads\/2025\/01\/Screenshot-2025-01-16-at-06.20.57-e1737004958286-768x309.png 768w\" sizes=\"(max-width: 1350px) 100vw, 1350px\" \/>\t\t\t\t\t\t\t\t\t\t\t\t\t\t\t<\/div>\n\t\t\t\t<\/div>\n\t\t\t\t\t<\/div>\n\t\t\t\t<\/div>\n\t\t\t\t<\/div>\n\t\t","protected":false},"excerpt":{"rendered":"<p>Cultivarte Nuestro Programa Trabajamos en alianza con la Fundaci\u00f3n Bol\u00edvar Davivienda en la implementaci\u00f3n de su programa Cultivarte, que tiene como objetivo brindar a ni\u00f1os, ni\u00f1as y j\u00f3venes un espacio seguro y enriquecedor. A trav\u00e9s de actividades realizadas en su tiempo libre, el programa busca fomentar valores, desarrollar talentos e inspirar a los participantes a [&hellip;]<\/p>\n","protected":false},"author":2,"featured_media":0,"parent":0,"menu_order":0,"comment_status":"closed","ping_status":"open","template":"elementor_header_footer","meta":{"_acf_changed":false,"footnotes":""},"class_list":["post-2614","page","type-page","status-publish","hentry"],"acf":[],"_links":{"self":[{"href":"https:\/\/fundacionsprbun.org\/spb\/wp-json\/wp\/v2\/pages\/2614","targetHints":{"allow":["GET"]}}],"collection":[{"href":"https:\/\/fundacionsprbun.org\/spb\/wp-json\/wp\/v2\/pages"}],"about":[{"href":"https:\/\/fundacionsprbun.org\/spb\/wp-json\/wp\/v2\/types\/page"}],"author":[{"embeddable":true,"href":"https:\/\/fundacionsprbun.org\/spb\/wp-json\/wp\/v2\/users\/2"}],"replies":[{"embeddable":true,"href":"https:\/\/fundacionsprbun.org\/spb\/wp-json\/wp\/v2\/comments?post=2614"}],"version-history":[{"count":26,"href":"https:\/\/fundacionsprbun.org\/spb\/wp-json\/wp\/v2\/pages\/2614\/revisions"}],"predecessor-version":[{"id":2763,"href":"https:\/\/fundacionsprbun.org\/spb\/wp-json\/wp\/v2\/pages\/2614\/revisions\/2763"}],"wp:attachment":[{"href":"https:\/\/fundacionsprbun.org\/spb\/wp-json\/wp\/v2\/media?parent=2614"}],"curies":[{"name":"wp","href":"https:\/\/api.w.org\/{rel}","templated":true}]}}