{"id":2627,"date":"2024-12-06T12:30:06","date_gmt":"2024-12-06T12:30:06","guid":{"rendered":"https:\/\/fundacionsprbun.enginecloud.co\/2024\/?page_id=2627"},"modified":"2025-02-18T12:27:05","modified_gmt":"2025-02-18T12:27:05","slug":"centro-educativo-bahia-buenaventura","status":"publish","type":"page","link":"https:\/\/fundacionsprbun.org\/spb\/centro-educativo-bahia-buenaventura\/","title":{"rendered":"CENTRO EDUCATIVO BAH\u00cdA BUENAVENTURA"},"content":{"rendered":"\t\t<div data-elementor-type=\"wp-page\" data-elementor-id=\"2627\" class=\"elementor elementor-2627\" data-elementor-post-type=\"page\">\n\t\t\t\t<div class=\"elementor-element elementor-element-9ad5e01 e-flex e-con-boxed e-con e-parent\" data-id=\"9ad5e01\" data-element_type=\"container\" data-settings=\"{&quot;background_background&quot;:&quot;classic&quot;}\">\n\t\t\t\t\t<div class=\"e-con-inner\">\n\t\t\t\t<div class=\"elementor-element elementor-element-f36c393 elementor-widget elementor-widget-heading\" data-id=\"f36c393\" data-element_type=\"widget\" data-widget_type=\"heading.default\">\n\t\t\t\t<div class=\"elementor-widget-container\">\n\t\t\t\t\t<h2 class=\"elementor-heading-title elementor-size-default\">Colegio<\/h2>\t\t\t\t<\/div>\n\t\t\t\t<\/div>\n\t\t\t\t\t<\/div>\n\t\t\t\t<\/div>\n\t\t<div class=\"elementor-element elementor-element-5779791 e-flex e-con-boxed e-con e-parent\" data-id=\"5779791\" data-element_type=\"container\">\n\t\t\t\t\t<div class=\"e-con-inner\">\n\t\t\t\t<div class=\"elementor-element elementor-element-c209a99 elementor-widget elementor-widget-image\" data-id=\"c209a99\" data-element_type=\"widget\" data-widget_type=\"image.default\">\n\t\t\t\t<div class=\"elementor-widget-container\">\n\t\t\t\t\t\t\t\t\t\t\t\t\t\t\t<img fetchpriority=\"high\" decoding=\"async\" width=\"640\" height=\"360\" src=\"https:\/\/fundacionsprbun.org\/spb\/wp-content\/uploads\/2024\/10\/DSC09957-768x432.jpg\" class=\"attachment-medium_large size-medium_large wp-image-1397\" alt=\"\" srcset=\"https:\/\/fundacionsprbun.org\/spb\/wp-content\/uploads\/2024\/10\/DSC09957-768x432.jpg 768w, https:\/\/fundacionsprbun.org\/spb\/wp-content\/uploads\/2024\/10\/DSC09957-300x169.jpg 300w, https:\/\/fundacionsprbun.org\/spb\/wp-content\/uploads\/2024\/10\/DSC09957-1024x576.jpg 1024w, https:\/\/fundacionsprbun.org\/spb\/wp-content\/uploads\/2024\/10\/DSC09957-1536x864.jpg 1536w, https:\/\/fundacionsprbun.org\/spb\/wp-content\/uploads\/2024\/10\/DSC09957-2048x1152.jpg 2048w\" sizes=\"(max-width: 640px) 100vw, 640px\" \/>\t\t\t\t\t\t\t\t\t\t\t\t\t\t\t<\/div>\n\t\t\t\t<\/div>\n\t\t\t\t<div class=\"elementor-element elementor-element-bc4e021 elementor-widget elementor-widget-heading\" data-id=\"bc4e021\" data-element_type=\"widget\" data-widget_type=\"heading.default\">\n\t\t\t\t<div class=\"elementor-widget-container\">\n\t\t\t\t\t<h4 class=\"elementor-heading-title elementor-size-default\">Contamos con un colegio de alta calidad, con un modelo pedag\u00f3gico que se fundamenta en la experiencia, la innovaci\u00f3n y la formaci\u00f3n integral. Para lograrlo, se trabaja en el Ser desde sus diferentes dimensiones, es por eso, que nuestra propuesta desarrolla habilidades y competencias en:<\/h4>\t\t\t\t<\/div>\n\t\t\t\t<\/div>\n\t\t\t\t<div class=\"elementor-element elementor-element-ba5bea5 elementor-widget elementor-widget-image\" data-id=\"ba5bea5\" data-element_type=\"widget\" data-widget_type=\"image.default\">\n\t\t\t\t<div class=\"elementor-widget-container\">\n\t\t\t\t\t\t\t\t\t\t\t\t\t\t\t<img decoding=\"async\" width=\"869\" height=\"370\" src=\"https:\/\/fundacionsprbun.org\/spb\/wp-content\/uploads\/2025\/01\/Screenshot-2025-01-16-at-06.30.04-e1737005434306.png\" class=\"attachment-full size-full wp-image-2765\" alt=\"\" srcset=\"https:\/\/fundacionsprbun.org\/spb\/wp-content\/uploads\/2025\/01\/Screenshot-2025-01-16-at-06.30.04-e1737005434306.png 869w, https:\/\/fundacionsprbun.org\/spb\/wp-content\/uploads\/2025\/01\/Screenshot-2025-01-16-at-06.30.04-e1737005434306-300x128.png 300w, https:\/\/fundacionsprbun.org\/spb\/wp-content\/uploads\/2025\/01\/Screenshot-2025-01-16-at-06.30.04-e1737005434306-768x327.png 768w\" sizes=\"(max-width: 869px) 100vw, 869px\" \/>\t\t\t\t\t\t\t\t\t\t\t\t\t\t\t<\/div>\n\t\t\t\t<\/div>\n\t\t\t\t\t<\/div>\n\t\t\t\t<\/div>\n\t\t<div class=\"elementor-element elementor-element-8e2ecf4 e-flex e-con-boxed e-con e-parent\" data-id=\"8e2ecf4\" data-element_type=\"container\" data-settings=\"{&quot;background_background&quot;:&quot;classic&quot;}\">\n\t\t\t\t\t<div class=\"e-con-inner\">\n\t\t\t\t<div class=\"elementor-element elementor-element-2ad78ab elementor-widget elementor-widget-heading\" data-id=\"2ad78ab\" data-element_type=\"widget\" data-widget_type=\"heading.default\">\n\t\t\t\t<div class=\"elementor-widget-container\">\n\t\t\t\t\t<h4 class=\"elementor-heading-title elementor-size-default\">El egresado del Centro Educativo Bah\u00eda Buenaventura debe ser un ser integral, innovador, competente con capacidad de adaptaci\u00f3n que aporte a su contexto. <\/h4>\t\t\t\t<\/div>\n\t\t\t\t<\/div>\n\t\t\t\t<div class=\"elementor-element elementor-element-7bd4087 elementor-widget elementor-widget-heading\" data-id=\"7bd4087\" data-element_type=\"widget\" data-widget_type=\"heading.default\">\n\t\t\t\t<div class=\"elementor-widget-container\">\n\t\t\t\t\t<h4 class=\"elementor-heading-title elementor-size-default\">Actualmente, nuestro colegio se encuentra en categor\u00eda A de acuerdo a los resultados obtenidos en las pruebas Saber 11, con un promedio de 314 puntos, ocupando el segundo lugar a nivel de los colegios del Distrito de Buenaventura y el puesto n\u00famero 20 en el Valle del Cauca.<\/h4>\t\t\t\t<\/div>\n\t\t\t\t<\/div>\n\t\t\t\t<div class=\"elementor-element elementor-element-53924b5 elementor-widget elementor-widget-constimes-btn\" data-id=\"53924b5\" data-element_type=\"widget\" data-widget_type=\"constimes-btn.default\">\n\t\t\t\t<div class=\"elementor-widget-container\">\n\t\t\t\t\t\r\n\t\t\r\n                    <a href=\"https:\/\/colegio-cbc.wixsite.com\/misitio\/sobre-nosotros\" target=\"_blank\" rel=\"nofollow\" class=\"link-anime v2\">\r\n                Ver m\u00e1s            <\/a>\r\n        \r\n\t\t\r\n        \t\t\t\t<\/div>\n\t\t\t\t<\/div>\n\t\t\t\t\t<\/div>\n\t\t\t\t<\/div>\n\t\t\t\t<\/div>\n\t\t","protected":false},"excerpt":{"rendered":"<p>Colegio Contamos con un colegio de alta calidad, con un modelo pedag\u00f3gico que se fundamenta en la experiencia, la innovaci\u00f3n y la formaci\u00f3n integral. Para lograrlo, se trabaja en el Ser desde sus diferentes dimensiones, es por eso, que nuestra propuesta desarrolla habilidades y competencias en: El egresado del Centro Educativo Bah\u00eda Buenaventura debe ser [&hellip;]<\/p>\n","protected":false},"author":2,"featured_media":1254,"parent":0,"menu_order":0,"comment_status":"closed","ping_status":"open","template":"elementor_header_footer","meta":{"_acf_changed":false,"footnotes":""},"class_list":["post-2627","page","type-page","status-publish","has-post-thumbnail","hentry"],"acf":[],"_links":{"self":[{"href":"https:\/\/fundacionsprbun.org\/spb\/wp-json\/wp\/v2\/pages\/2627","targetHints":{"allow":["GET"]}}],"collection":[{"href":"https:\/\/fundacionsprbun.org\/spb\/wp-json\/wp\/v2\/pages"}],"about":[{"href":"https:\/\/fundacionsprbun.org\/spb\/wp-json\/wp\/v2\/types\/page"}],"author":[{"embeddable":true,"href":"https:\/\/fundacionsprbun.org\/spb\/wp-json\/wp\/v2\/users\/2"}],"replies":[{"embeddable":true,"href":"https:\/\/fundacionsprbun.org\/spb\/wp-json\/wp\/v2\/comments?post=2627"}],"version-history":[{"count":74,"href":"https:\/\/fundacionsprbun.org\/spb\/wp-json\/wp\/v2\/pages\/2627\/revisions"}],"predecessor-version":[{"id":3006,"href":"https:\/\/fundacionsprbun.org\/spb\/wp-json\/wp\/v2\/pages\/2627\/revisions\/3006"}],"wp:featuredmedia":[{"embeddable":true,"href":"https:\/\/fundacionsprbun.org\/spb\/wp-json\/wp\/v2\/media\/1254"}],"wp:attachment":[{"href":"https:\/\/fundacionsprbun.org\/spb\/wp-json\/wp\/v2\/media?parent=2627"}],"curies":[{"name":"wp","href":"https:\/\/api.w.org\/{rel}","templated":true}]}}